{"id":408,"date":"2025-06-14T06:29:31","date_gmt":"2025-06-14T06:29:31","guid":{"rendered":"https:\/\/exclusivemotors.store\/?page_id=408"},"modified":"2026-03-14T08:32:00","modified_gmt":"2026-03-14T08:32:00","slug":"home","status":"publish","type":"page","link":"https:\/\/exclusivemotors.store\/","title":{"rendered":"Home"},"content":{"rendered":"\t\t<div data-elementor-type=\"wp-page\" data-elementor-id=\"408\" class=\"elementor elementor-408\">\n\t\t\t\t<div class=\"elementor-element elementor-element-71ed2ca e-flex e-con-boxed e-con e-parent\" data-id=\"71ed2ca\" data-element_type=\"container\" data-settings=\"{&quot;background_background&quot;:&quot;classic&quot;}\">\n\t\t\t\t\t<div class=\"e-con-inner\">\n\t\t<div class=\"elementor-element elementor-element-07a5397 e-con-full e-flex e-con e-child\" data-id=\"07a5397\" data-element_type=\"container\">\n\t\t<div class=\"elementor-element elementor-element-cc802d7 e-con-full e-flex e-con e-child\" data-id=\"cc802d7\" data-element_type=\"container\">\n\t\t<div class=\"elementor-element elementor-element-fa35c46 e-con-full e-flex e-con e-child\" data-id=\"fa35c46\" data-element_type=\"container\">\n\t\t\t\t<div class=\"elementor-element elementor-element-12d1204 elementor-widget elementor-widget-heading\" data-id=\"12d1204\" data-element_type=\"widget\" data-widget_type=\"heading.default\">\n\t\t\t\t<div class=\"elementor-widget-container\">\n\t\t\t\t\t<h1 class=\"elementor-heading-title elementor-size-default\">Exclusive\nMotors<\/h1>\t\t\t\t<\/div>\n\t\t\t\t<\/div>\n\t\t\t\t<\/div>\n\t\t\t\t<\/div>\n\t\t<div class=\"elementor-element elementor-element-b8a9c4a e-con-full e-flex e-con e-child\" data-id=\"b8a9c4a\" data-element_type=\"container\">\n\t\t<div class=\"elementor-element elementor-element-37c8afa e-con-full e-flex e-con e-child\" data-id=\"37c8afa\" data-element_type=\"container\">\n\t\t\t\t<\/div>\n\t\t\t\t<\/div>\n\t\t\t\t<\/div>\n\t\t\t\t\t<\/div>\n\t\t\t\t<\/div>\n\t\t<div class=\"elementor-element elementor-element-e620d3b e-flex e-con-boxed e-con e-parent\" data-id=\"e620d3b\" data-element_type=\"container\" id=\"chi-siamo\" data-settings=\"{&quot;background_background&quot;:&quot;classic&quot;}\">\n\t\t\t\t\t<div class=\"e-con-inner\">\n\t\t<div class=\"elementor-element elementor-element-51c79ec e-flex e-con-boxed e-con e-child\" data-id=\"51c79ec\" data-element_type=\"container\">\n\t\t\t\t\t<div class=\"e-con-inner\">\n\t\t<div class=\"elementor-element elementor-element-9907ea5 e-flex e-con-boxed e-con e-child\" data-id=\"9907ea5\" data-element_type=\"container\">\n\t\t\t\t\t<div class=\"e-con-inner\">\n\t\t<div class=\"elementor-element elementor-element-af05f6c e-con-full e-flex e-con e-child\" data-id=\"af05f6c\" data-element_type=\"container\">\n\t\t\t\t<div class=\"elementor-element elementor-element-ae23880 elementor-widget elementor-widget-heading\" data-id=\"ae23880\" data-element_type=\"widget\" data-widget_type=\"heading.default\">\n\t\t\t\t<div class=\"elementor-widget-container\">\n\t\t\t\t\t<h2 class=\"elementor-heading-title elementor-size-default\">Concessionaria auto a Latina<\/h2>\t\t\t\t<\/div>\n\t\t\t\t<\/div>\n\t\t\t\t<\/div>\n\t\t<div class=\"elementor-element elementor-element-4dcb183 e-con-full e-flex e-con e-child\" data-id=\"4dcb183\" data-element_type=\"container\">\n\t\t\t\t<div class=\"elementor-element elementor-element-6bb72fb elementor-widget elementor-widget-text-editor\" data-id=\"6bb72fb\" data-element_type=\"widget\" data-widget_type=\"text-editor.default\">\n\t\t\t\t<div class=\"elementor-widget-container\">\n\t\t\t\t\t\t\t\t\t<p data-path-to-node=\"6\"><span style=\"color: #ffffff;\">In <b data-path-to-node=\"6\" data-index-in-node=\"3\">Exclusive Motors<\/b>, non vendiamo semplicemente auto: offriamo soluzioni di mobilit\u00e0 su misura. Nati dalla passione per il mondo automotive e dall&#8217;esperienza di <b data-path-to-node=\"6\" data-index-in-node=\"161\">FC Service SRLS<\/b>, abbiamo costruito una realt\u00e0 dove la qualit\u00e0 del parco auto incontra un servizio cliente d\u2019eccellenza.<\/span><\/p><ul data-path-to-node=\"7\"><li><p data-path-to-node=\"7,0,0\"><span style=\"color: #ffffff;\"><b data-path-to-node=\"7,0,0\" data-index-in-node=\"0\">Selezione Rigorosa:<\/b> Ogni veicolo nella nostra vetrina supera controlli tecnici approfonditi.<\/span><\/p><\/li><li><p data-path-to-node=\"7,1,0\"><span style=\"color: #ffffff;\"><b data-path-to-node=\"7,1,0\" data-index-in-node=\"0\">Trasparenza Totale:<\/b> Documentazione chiara, chilometraggio certificato e cronologia manutenzioni sempre disponibile.<\/span><\/p><\/li><li><p data-path-to-node=\"7,2,0\"><span style=\"color: #ffffff;\"><b data-path-to-node=\"7,2,0\" data-index-in-node=\"0\">Passione al Tuo Servizio:<\/b> Un team di esperti pronti a guidarti nella scelta della tua prossima auto, che sia per lavoro o per il tempo libero.<\/span><\/p><\/li><\/ul>\t\t\t\t\t\t\t\t<\/div>\n\t\t\t\t<\/div>\n\t\t\t\t<\/div>\n\t\t\t\t\t<\/div>\n\t\t\t\t<\/div>\n\t\t\t\t\t<\/div>\n\t\t\t\t<\/div>\n\t\t\t\t\t<\/div>\n\t\t\t\t<\/div>\n\t\t<div class=\"elementor-element elementor-element-6d9276e e-flex e-con-boxed e-con e-parent\" data-id=\"6d9276e\" data-element_type=\"container\" id=\"servizi\" data-settings=\"{&quot;background_background&quot;:&quot;classic&quot;}\">\n\t\t\t\t\t<div class=\"e-con-inner\">\n\t\t<div class=\"elementor-element elementor-element-88a9b83 e-con-full e-flex e-con e-child\" data-id=\"88a9b83\" data-element_type=\"container\">\n\t\t<div class=\"elementor-element elementor-element-31cd888 e-con-full e-flex e-con e-child\" data-id=\"31cd888\" data-element_type=\"container\">\n\t\t<div class=\"elementor-element elementor-element-bcca9d4 e-con-full e-flex e-con e-child\" data-id=\"bcca9d4\" data-element_type=\"container\">\n\t\t\t\t<div class=\"elementor-element elementor-element-f94552d elementor-widget elementor-widget-text-editor\" data-id=\"f94552d\" data-element_type=\"widget\" data-widget_type=\"text-editor.default\">\n\t\t\t\t<div class=\"elementor-widget-container\">\n\t\t\t\t\t\t\t\t\t<h3 data-path-to-node=\"5\">\u00a0<\/h3><h3 data-path-to-node=\"5\"><b data-path-to-node=\"5\" data-index-in-node=\"0\">Il Tuo Punto di Riferimento per la Mobilit\u00e0 a Latina e Roma<\/b><\/h3><p data-path-to-node=\"6\">In <b data-path-to-node=\"6\" data-index-in-node=\"3\">Exclusive Motors<\/b>, non vendiamo semplicemente auto: offriamo soluzioni di mobilit\u00e0 su misura. Nati dalla passione per il mondo automotive e dall&#8217;esperienza di <b data-path-to-node=\"6\" data-index-in-node=\"161\">FC Service SRLS<\/b>, abbiamo costruito una realt\u00e0 dove la qualit\u00e0 del parco auto incontra un servizio cliente d\u2019eccellenza.<\/p><ul data-path-to-node=\"7\"><li><p data-path-to-node=\"7,0,0\"><b data-path-to-node=\"7,0,0\" data-index-in-node=\"0\">Selezione Rigorosa:<\/b> Ogni veicolo nella nostra vetrina supera controlli tecnici approfonditi.<\/p><\/li><li><p data-path-to-node=\"7,1,0\"><b data-path-to-node=\"7,1,0\" data-index-in-node=\"0\">Trasparenza Totale:<\/b> Documentazione chiara, chilometraggio certificato e cronologia manutenzioni sempre disponibile.<\/p><\/li><li><p data-path-to-node=\"7,2,0\"><b data-path-to-node=\"7,2,0\" data-index-in-node=\"0\">Passione al Tuo Servizio:<\/b> Un team di esperti pronti a guidarti nella scelta della tua prossima auto, che sia per lavoro o per il tempo libero.<\/p><\/li><\/ul>\t\t\t\t\t\t\t\t<\/div>\n\t\t\t\t<\/div>\n\t\t\t\t<\/div>\n\t\t\t\t<\/div>\n\t\t<div class=\"elementor-element elementor-element-fcf68a9 e-con-full e-flex e-con e-child\" data-id=\"fcf68a9\" data-element_type=\"container\">\n\t\t<div class=\"elementor-element elementor-element-e79b2cc e-con-full e-flex e-con e-child\" data-id=\"e79b2cc\" data-element_type=\"container\">\n\t\t\t\t<div class=\"elementor-element elementor-element-efd420a elementor-widget-divider--view-line elementor-widget elementor-widget-divider\" data-id=\"efd420a\" data-element_type=\"widget\" data-widget_type=\"divider.default\">\n\t\t\t\t<div class=\"elementor-widget-container\">\n\t\t\t\t\t\t\t<div class=\"elementor-divider\">\n\t\t\t<span class=\"elementor-divider-separator\">\n\t\t\t\t\t\t<\/span>\n\t\t<\/div>\n\t\t\t\t\t\t<\/div>\n\t\t\t\t<\/div>\n\t\t\t\t<div class=\"elementor-element elementor-element-8531848 elementor-widget elementor-widget-text-editor\" data-id=\"8531848\" data-element_type=\"widget\" data-widget_type=\"text-editor.default\">\n\t\t\t\t<div class=\"elementor-widget-container\">\n\t\t\t\t\t\t\t\t\t<div class=\"container\"><div id=\"model-response-message-contentr_ecc7dccf054fab08\" class=\"markdown markdown-main-panel enable-updated-hr-color preserve-whitespaces-in-response\" dir=\"ltr\" aria-live=\"polite\" aria-busy=\"false\"><h2 data-path-to-node=\"9\">Vendita Auto<\/h2><h3 data-path-to-node=\"11\"><b data-path-to-node=\"11\" data-index-in-node=\"0\">Il Nostro Usato Garantito: Qualit\u00e0 Senza Compromessi<\/b><\/h3><p data-path-to-node=\"12\">Trovare l&#8217;auto giusta non \u00e8 mai stato cos\u00ec facile. La nostra selezione di auto usate e km0 \u00e8 pensata per chi cerca affidabilit\u00e0 e convenienza in un unico pacchetto.<\/p><ul data-path-to-node=\"13\"><li><p data-path-to-node=\"13,0,0\"><b data-path-to-node=\"13,0,0\" data-index-in-node=\"0\">Garanzia Certificata:<\/b> Tutte le nostre auto sono coperte da garanzia per darti la massima serenit\u00e0 post-vendita.<\/p><\/li><li><p data-path-to-node=\"13,1,0\"><b data-path-to-node=\"13,1,0\" data-index-in-node=\"0\">Finanziamenti Personalizzati:<\/b> Soluzioni di pagamento flessibili e tassi agevolati, studiate in base alle tue esigenze.<\/p><\/li><li><p data-path-to-node=\"13,2,0\"><b data-path-to-node=\"13,2,0\" data-index-in-node=\"0\">Permuta Usato:<\/b> Valutiamo il tuo usato in modo rapido e professionale per scalare il prezzo del tuo nuovo acquisto.<\/p><\/li><li><p data-path-to-node=\"13,3,0\"><b data-path-to-node=\"13,3,0\" data-index-in-node=\"0\">Consegna Veloce:<\/b> Gestiamo tutte le pratiche burocratiche internamente per permetterti di salire a bordo della tua nuova auto nel minor tempo possibile.<\/p><\/li><\/ul><\/div><\/div>\t\t\t\t\t\t\t\t<\/div>\n\t\t\t\t<\/div>\n\t\t\t\t<\/div>\n\t\t\t\t<\/div>\n\t\t\t\t<\/div>\n\t\t\t\t\t<\/div>\n\t\t\t\t<\/div>\n\t\t<div class=\"elementor-element elementor-element-d9f457b e-flex e-con-boxed e-con e-parent\" data-id=\"d9f457b\" data-element_type=\"container\" id=\"vendita\" data-settings=\"{&quot;background_background&quot;:&quot;classic&quot;}\">\n\t\t\t\t\t<div class=\"e-con-inner\">\n\t\t<div class=\"elementor-element elementor-element-67f6467 e-con-full e-flex e-con e-child\" data-id=\"67f6467\" data-element_type=\"container\">\n\t\t<div class=\"elementor-element elementor-element-4048869 e-con-full e-flex e-con e-child\" data-id=\"4048869\" data-element_type=\"container\">\n\t\t<div class=\"elementor-element elementor-element-0cf6d89 e-con-full e-flex e-con e-child\" data-id=\"0cf6d89\" data-element_type=\"container\">\n\t\t<div class=\"elementor-element elementor-element-ad35bfc e-con-full e-flex e-con e-child\" data-id=\"ad35bfc\" data-element_type=\"container\">\n\t\t\t\t<div class=\"elementor-element elementor-element-9a66a7f elementor-widget elementor-widget-html\" data-id=\"9a66a7f\" data-element_type=\"widget\" data-widget_type=\"html.default\">\n\t\t\t\t<div class=\"elementor-widget-container\">\n\t\t\t\t\t<div class=\"scout-wrapper\" style=\"width: 100%; max-width: 1200px; margin: 0 auto; overflow: hidden; border-radius: 15px; background: #fff;\">\n    <div style=\"position: relative; height: 900px; overflow: hidden; border: 1px solid #eee;\">\n        <iframe \n            src=\"https:\/\/www.autoscout24.it\/concessionari\/exclusive-motors-di-fc-service-srls?sort=price&desc=1\" \n            width=\"100%\" \n            height=\"1200\" \n            style=\"position: absolute; top: -118px; left: 0; width: 100%; border: none;\"\n            scrolling=\"yes\">\n        <\/iframe>\n    <\/div>\n<\/div>\t\t\t\t<\/div>\n\t\t\t\t<\/div>\n\t\t\t\t<\/div>\n\t\t\t\t<\/div>\n\t\t\t\t<\/div>\n\t\t\t\t<\/div>\n\t\t\t\t\t<\/div>\n\t\t\t\t<\/div>\n\t\t<div class=\"elementor-element elementor-element-40c3883 e-flex e-con-boxed e-con e-parent\" data-id=\"40c3883\" data-element_type=\"container\" id=\"recensioni\" data-settings=\"{&quot;background_background&quot;:&quot;classic&quot;}\">\n\t\t\t\t\t<div class=\"e-con-inner\">\n\t\t<div class=\"elementor-element elementor-element-42b01e8 e-con-full e-flex e-con e-child\" data-id=\"42b01e8\" data-element_type=\"container\">\n\t\t<div class=\"elementor-element elementor-element-6af7282 e-con-full e-flex e-con e-child\" data-id=\"6af7282\" data-element_type=\"container\">\n\t\t<div class=\"elementor-element elementor-element-8ea8074 e-con-full e-flex e-con e-child\" data-id=\"8ea8074\" data-element_type=\"container\">\n\t\t<div class=\"elementor-element elementor-element-30805d8 e-con-full e-flex e-con e-child\" data-id=\"30805d8\" data-element_type=\"container\">\n\t\t\t\t<div class=\"elementor-element elementor-element-10dabb5 elementor-widget elementor-widget-html\" data-id=\"10dabb5\" data-element_type=\"widget\" data-widget_type=\"html.default\">\n\t\t\t\t<div class=\"elementor-widget-container\">\n\t\t\t\t\t<div class=\"reviews-section\" style=\"width: 100%; max-width: 1200px; margin: 50px auto; padding: 40px 20px; background: #fdfdfd; border-radius: 20px; text-align: center; font-family: 'Helvetica Neue', Helvetica, Arial, sans-serif;\">\n    \n    <div style=\"margin-bottom: 30px;\">\n        <h3 style=\"font-size: 28px; color: #1a1a1a; margin-bottom: 10px;\">Cosa dicono di noi<\/h3>\n        <div style=\"display: flex; align-items: center; justify-content: center; gap: 5px;\">\n            <span style=\"color: #f39c12; font-size: 24px;\">\u2605\u2605\u2605\u2605\u2605<\/span>\n            <span style=\"font-weight: bold; font-size: 20px; color: #333;\">4.9 \/ 5<\/span>\n        <\/div>\n        <p style=\"color: #777;\">Basato su 37 recensioni certificate AutoScout24<\/p>\n    <\/div>\n\n    <div style=\"height: 500px; overflow: hidden; border-radius: 12px; border: 1px solid #eee; box-shadow: 0 4px 15px rgba(0,0,0,0.05);\">\n        <iframe \n            src=\"https:\/\/www.autoscout24.it\/concessionari\/exclusive-motors-di-fc-service-srls\/recensioni\" \n            width=\"100%\" \n            height=\"500\" \n            style=\"border: none; margin-top: -100px; \/* Nasconde menu superiore *\/\"\n            scrolling=\"yes\">\n        <\/iframe>\n    <\/div>\n    \n    <a href=\"https:\/\/www.autoscout24.it\/concessionari\/exclusive-motors-di-fc-service-srls\/recensioni\" target=\"_blank\" style=\"display: inline-block; margin-top: 25px; padding: 15px 35px; background-color: #000; color: #fff; text-decoration: none; border-radius: 50px; font-weight: bold; transition: 0.3s;\">\n        Vedi tutte le recensioni\n    <\/a>\n<\/div>\t\t\t\t<\/div>\n\t\t\t\t<\/div>\n\t\t\t\t<\/div>\n\t\t\t\t<\/div>\n\t\t\t\t<\/div>\n\t\t\t\t<\/div>\n\t\t\t\t\t<\/div>\n\t\t\t\t<\/div>\n\t\t\t\t<\/div>\n\t\t","protected":false},"excerpt":{"rendered":"<p>Exclusive Motors Concessionaria auto a Latina In Exclusive Motors, non vendiamo semplicemente auto: offriamo soluzioni di mobilit\u00e0 su misura. Nati dalla passione per il mondo automotive e dall&#8217;esperienza di FC Service SRLS, abbiamo costruito una realt\u00e0 dove la qualit\u00e0 del parco auto incontra un servizio cliente d\u2019eccellenza. Selezione Rigorosa: Ogni veicolo nella nostra vetrina supera [&hellip;]<\/p>\n","protected":false},"author":1,"featured_media":0,"parent":0,"menu_order":0,"comment_status":"closed","ping_status":"closed","template":"","meta":{"_uag_custom_page_level_css":"","site-sidebar-layout":"no-sidebar","site-content-layout":"page-builder","ast-site-content-layout":"","site-content-style":"default","site-sidebar-style":"default","ast-global-header-display":"","ast-banner-title-visibility":"","ast-main-header-display":"","ast-hfb-above-header-display":"","ast-hfb-below-header-display":"","ast-hfb-mobile-header-display":"","site-post-title":"disabled","ast-breadcrumbs-content":"disabled","ast-featured-img":"disabled","footer-sml-layout":"","theme-transparent-header-meta":"enabled","adv-header-id-meta":"","stick-header-meta":"","header-above-stick-meta":"","header-main-stick-meta":"","header-below-stick-meta":"","astra-migrate-meta-layouts":"default","ast-page-background-enabled":"default","ast-page-background-meta":{"desktop":{"background-color":"","background-image":"","background-repeat":"repeat","background-position":"center center","background-size":"auto","background-attachment":"scroll","background-type":"","background-media":"","overlay-type":"","overlay-color":"","overlay-opacity":"","overlay-gradient":""},"tablet":{"background-color":"","background-image":"","background-repeat":"repeat","background-position":"center center","background-size":"auto","background-attachment":"scroll","background-type":"","background-media":"","overlay-type":"","overlay-color":"","overlay-opacity":"","overlay-gradient":""},"mobile":{"background-color":"","background-image":"","background-repeat":"repeat","background-position":"center center","background-size":"auto","background-attachment":"scroll","background-type":"","background-media":"","overlay-type":"","overlay-color":"","overlay-opacity":"","overlay-gradient":""}},"ast-content-background-meta":{"desktop":{"background-color":"var(--ast-global-color-5)","background-image":"","background-repeat":"repeat","background-position":"center center","background-size":"auto","background-attachment":"scroll","background-type":"","background-media":"","overlay-type":"","overlay-color":"","overlay-opacity":"","overlay-gradient":""},"tablet":{"background-color":"var(--ast-global-color-5)","background-image":"","background-repeat":"repeat","background-position":"center center","background-size":"auto","background-attachment":"scroll","background-type":"","background-media":"","overlay-type":"","overlay-color":"","overlay-opacity":"","overlay-gradient":""},"mobile":{"background-color":"var(--ast-global-color-5)","background-image":"","background-repeat":"repeat","background-position":"center center","background-size":"auto","background-attachment":"scroll","background-type":"","background-media":"","overlay-type":"","overlay-color":"","overlay-opacity":"","overlay-gradient":""}},"footnotes":""},"class_list":["post-408","page","type-page","status-publish","hentry"],"uagb_featured_image_src":{"full":false,"thumbnail":false,"medium":false,"medium_large":false,"large":false,"1536x1536":false,"2048x2048":false},"uagb_author_info":{"display_name":"admin","author_link":"https:\/\/exclusivemotors.store\/?author=1"},"uagb_comment_info":0,"uagb_excerpt":"Exclusive Motors Concessionaria auto a Latina In Exclusive Motors, non vendiamo semplicemente auto: offriamo soluzioni di mobilit\u00e0 su misura. Nati dalla passione per il mondo automotive e dall&#8217;esperienza di FC Service SRLS, abbiamo costruito una realt\u00e0 dove la qualit\u00e0 del parco auto incontra un servizio cliente d\u2019eccellenza. Selezione Rigorosa: Ogni veicolo nella nostra vetrina supera&hellip;","_links":{"self":[{"href":"https:\/\/exclusivemotors.store\/index.php?rest_route=\/wp\/v2\/pages\/408","targetHints":{"allow":["GET"]}}],"collection":[{"href":"https:\/\/exclusivemotors.store\/index.php?rest_route=\/wp\/v2\/pages"}],"about":[{"href":"https:\/\/exclusivemotors.store\/index.php?rest_route=\/wp\/v2\/types\/page"}],"author":[{"embeddable":true,"href":"https:\/\/exclusivemotors.store\/index.php?rest_route=\/wp\/v2\/users\/1"}],"replies":[{"embeddable":true,"href":"https:\/\/exclusivemotors.store\/index.php?rest_route=%2Fwp%2Fv2%2Fcomments&post=408"}],"version-history":[{"count":72,"href":"https:\/\/exclusivemotors.store\/index.php?rest_route=\/wp\/v2\/pages\/408\/revisions"}],"predecessor-version":[{"id":1173,"href":"https:\/\/exclusivemotors.store\/index.php?rest_route=\/wp\/v2\/pages\/408\/revisions\/1173"}],"wp:attachment":[{"href":"https:\/\/exclusivemotors.store\/index.php?rest_route=%2Fwp%2Fv2%2Fmedia&parent=408"}],"curies":[{"name":"wp","href":"https:\/\/api.w.org\/{rel}","templated":true}]}}